{"id":566,"date":"2019-01-09T13:38:49","date_gmt":"2019-01-09T13:38:49","guid":{"rendered":"https:\/\/oaza.mikado-themes.com\/?page_id=566"},"modified":"2023-02-13T21:54:24","modified_gmt":"2023-02-13T21:54:24","slug":"o-nas","status":"publish","type":"page","link":"https:\/\/oasi.si\/it\/o-nas\/","title":{"rendered":"Di noi"},"content":{"rendered":"<p>[vc_row css=&#8221;.vc_custom_1548864277834{padding-top: 150px !important;padding-bottom: 145px !important;}&#8221;][vc_column offset=&#8221;vc_col-lg-2 vc_col-md-1 vc_col-xs-12&#8243;][\/vc_column][vc_column offset=&#8221;vc_col-lg-8 vc_col-md-10 vc_col-xs-12&#8243;]<div class=\"mkdf-elements-holder   mkdf-one-column  mkdf-responsive-mode-768 \" ><div class=\"mkdf-eh-item    \"  data-item-class=\"mkdf-eh-custom-8355\" data-1367-1600=\"0%\" data-1025-1366=\"0%\" data-769-1024=\"0% 6%\" data-681-768=\"0%\" data-680=\"0% 6%\">\n\t<div class=\"mkdf-eh-item-inner\">\n\t\t<div class=\"mkdf-eh-item-content mkdf-eh-custom-8355\" style=\"padding: 0% 7%\">\n\t\t\t<div class=\"mkdf-team-holder mkdf-team-info-below-image\">\n\t<div class=\"mkdf-team-inner\">\n\t\t\t\t\t<div class=\"mkdf-team-image\">\n                <img fetchpriority=\"high\" decoding=\"async\" width=\"2560\" height=\"1707\" src=\"https:\/\/oasi.si\/it\/wp-content\/uploads\/2023\/01\/999A7969-scaled.jpg\" class=\"attachment-full size-full\" alt=\"\" srcset=\"https:\/\/oasi.si\/it\/wp-content\/uploads\/2023\/01\/999A7969-scaled.jpg 2560w, https:\/\/oasi.si\/it\/wp-content\/uploads\/2023\/01\/999A7969-300x200.jpg 300w, https:\/\/oasi.si\/it\/wp-content\/uploads\/2023\/01\/999A7969-1024x683.jpg 1024w, https:\/\/oasi.si\/it\/wp-content\/uploads\/2023\/01\/999A7969-768x512.jpg 768w, https:\/\/oasi.si\/it\/wp-content\/uploads\/2023\/01\/999A7969-1536x1024.jpg 1536w\" sizes=\"(max-width: 2560px) 100vw, 2560px\" \/>\t\t\t<\/div>\n\t\t\t\t<div class=\"mkdf-team-info\">\n\t\t\t\t\t\t\t<span class=\"mkdf-h7 mkdf-team-position\" >Benvenuti<\/span>\n\t\t\t\t\t\t\t\t\t\t<h3 class=\"mkdf-team-name\" >OASI Saune&amp;SPA<\/h3>\n\t\t\t\t\t\t\t\t\t\t<p class=\"mkdf-team-text\" >Dedicate un p\u00f3 del vostro tempo e di una parentesi di relax nel nostro centro, dove potrete dimenticare i vostri problemi e preoccupazioni quotidiane. <\/p>\n\t\t\t\t\t\t\t\t\t\t<div class=\"mkdf-team-social-holder\">\n\t\t\t\t\t\t\t\t\t\t\t<span class=\"mkdf-team-icon\">    <span class=\"mkdf-icon-shortcode mkdf-normal   \">\n                    <a class=\"\" href=\"https:\/\/www.instagram.com\/oasi_saune_spa\/\" target=\"_blank\">\n                    <i class=\"mkdf-icon-simple-line-icon icon-social-instagram mkdf-icon-element\"><\/i>                    <\/a>\n            <\/span>\n<\/span>\n\t\t\t\t\t\t\t\t\t\t\t<span class=\"mkdf-team-icon\">    <span class=\"mkdf-icon-shortcode mkdf-normal   \">\n                    <a class=\"\" href=\"https:\/\/www.facebook.com\/oasisaunespa\" target=\"_blank\">\n                    <i class=\"mkdf-icon-simple-line-icon icon-social-facebook mkdf-icon-element\"><\/i>                    <\/a>\n            <\/span>\n<\/span>\n\t\t\t\t\t\t\t\t\t<\/div>\n\t\t\t\t\t<\/div>\n\t<\/div>\n<\/div>[vc_column_text]<\/p>\n<p style=\"text-align: center;\">Dedicate un p\u00f3 del vostro tempo e di una parentesi di relax nel nostro centro, dove potrete dimenticare i vostri problemi e preoccupazioni quotidiane. Per voi abbiamo creato l\u2019elegante e moderno centro OASI Saune &amp; SPA, la vostra oasi per il relax e la rigenerazione.<\/p>\n<p style=\"text-align: center;\">Ci troviamo nelle immediate vicinanze del confine tra le Repubbliche di Slovenia e Italia (confine di Scoffie\/Valico Rabuiese) presso la stazione di servizio della OMV, in direzione Trieste, a cinque minuti dal centro di Capodistria e a dieci da quello di Trieste, con parcheggio privato per la nostra clientela.<\/p>\n<p style=\"text-align: center;\">L\u2019OASI Saune &amp; SPA \u00e8 pensato per l\u2019uomo moderno, che a causa dei ritmi stressanti della vita dei nostri tempi ha bisogno di un attimo di pausa, di un cambiamento e fuga dal tran tran quotidiano. Lo SPA chiamato OASI, non \u00e8 soltanto una metafora, ma un reale angolo di un mondo tutto da scoprire, a portata di mano, nelle vostre immediate vicinanze, che come un miraggio, la mitica Fata Morgana, vi pu\u00f2 offrire ci\u00f3 di cui avete pi\u00f9 bisogno.<\/p>\n<p style=\"text-align: center;\">Lo SPA, acronimo delle parole latine \u201csalus per aquam\u201d (salute e acqua), sar\u00e0 sempre la vostra fonte di ispirazione, centro di idroterapie, che hanno benefici effetti sulla pulizia, disintossicazione e salute del vostro corpo. L\u2019idroterapia ha benefici effetti e propriet\u00e0 fisiche che la contraddistinguono (come l\u2019accumulo del caldo o del freddo), che favoriscono uno stato di benessere, stimolando le energie del corpo e non ultimo il desiderio di ripetere tale esperienza, che noi saremo felici di offrire.<\/p>\n<p style=\"text-align: center;\">Lo SPA OASI offre inoltre diverse tipologie di sauna, potendo scegliere tra quella calda e secca (nota come sauna finlandese con temperature alte e basso tasso di umidit\u00e0), umida e meno calda, o ancora quella detta bagno di vapore (conosciuta anche come sauna turca o hammam) e altri ambienti con un riscaldamento piacevole e curativo, agente in profondit\u00e0, grazie all\u2019azione degli infrarossi o ancora quello del sale, ideale per le vie respiratorie.<\/p>\n<p style=\"text-align: center;\">Oltre al piacere dato dalle varie tipologie di sauna, potrete fare molto anche per il vostro viso e tutto resto del il corpo che ve ne saranno grati, dato che possiamo offrirvi in questo senso tutti i tipi di cure moderne, sia manuali che con l\u2019ausilio di tecnologie sofisticate.<\/p>\n<p style=\"text-align: center;\">\u00a0Liberate l\u2019anima, il corpo e la mente!<\/p>\n<p>[\/vc_column_text]\t\t<\/div>\n\t<\/div>\n<\/div><\/div>[\/vc_column][vc_column offset=&#8221;vc_col-lg-2 vc_col-md-1 vc_col-xs-12&#8243;][\/vc_column][\/vc_row][vc_row disable_element=&#8221;yes&#8221; css=&#8221;.vc_custom_1674839876011{padding-top: 140px !important;padding-bottom: 78px !important;}&#8221; simple_background_color=&#8221;#fde4e9&#8243;][vc_column]<div class=\"mkdf-section-title-holder \" >\n\t<div class=\"mkdf-st-inner\">\n\t\t\t\t\t<span class=\"mkdf-st-subtitle\" >\n\t\t\tDobrodo\u0161li \/ Benvenuti\t\t\t<\/span>\n\t\t\t\t\t\t\t<h2 class=\"mkdf-st-title\" >\n\t\t\t\tOASI Saune&amp;SPA\t\t\t<\/h2>\n\t\t\t\t\t<\/div>\n<\/div>[vc_empty_space height=&#8221;75px&#8221;][vc_row_inner disable_element=&#8221;yes&#8221; row_content_width=&#8221;grid&#8221;][vc_column_inner offset=&#8221;vc_col-lg-4 vc_col-md-12&#8243;]<div class=\"mkdf-elements-holder   mkdf-one-column  mkdf-responsive-mode-768 \" ><div class=\"mkdf-eh-item    \"  data-item-class=\"mkdf-eh-custom-8527\" data-1025-1366=\"0 3% 0 0\" data-769-1024=\"0 33% 0 0\" data-681-768=\"0 15% 0 0\" data-680=\"0 0 0 0\">\n\t<div class=\"mkdf-eh-item-inner\">\n\t\t<div class=\"mkdf-eh-item-content mkdf-eh-custom-8527\" style=\"padding: 0 5% 0 0\">\n\t\t\t<div class=\"mkdf-iwt clearfix  mkdf-iwt-icon-left mkdf-iwt-icon-small\">\n\t<div class=\"mkdf-iwt-icon\">\n\t\t\t\t\t\t\t\t\t    <span class=\"mkdf-icon-shortcode mkdf-circle   mkdf-icon-small\"  >\n                    <span aria-hidden=\"true\" class=\"mkdf-icon-font-elegant icon_star_alt mkdf-icon-element\" style=\"\" ><\/span>            <\/span>\n\t\t\t\t\t\t<\/div>\n\t<div class=\"mkdf-iwt-content\" >\n\t\t\t\t\t<span class=\"mkdf-iwt-subtitle\" >\n\t\t\t\tNap therapy\t\t\t<\/span>\n\t\t\t\t\t\t\t<h4 class=\"mkdf-iwt-title\" >\n\t\t\t\t\t\t\t\t<span class=\"mkdf-iwt-title-text\">massage centar<\/span>\n\t\t\t\t\t\t\t<\/h4>\n\t\t\t\t\t\t\t<p class=\"mkdf-iwt-text\" >Lorem ipsum dolor sit amet, quo ut simu copio sae everti tur, no debitis atrio que sea, ea cum iuvaret.<\/p>\n\t\t\t<\/div>\n<\/div>[vc_empty_space height=&#8221;62px&#8221;]\t\t<\/div>\n\t<\/div>\n<\/div><\/div>[\/vc_column_inner][vc_column_inner offset=&#8221;vc_col-lg-4 vc_col-md-12&#8243;]<div class=\"mkdf-elements-holder   mkdf-one-column  mkdf-responsive-mode-768 \" ><div class=\"mkdf-eh-item    \"  data-item-class=\"mkdf-eh-custom-4415\" data-1025-1366=\"0 3% 0 0\" data-769-1024=\"0 33% 0 0\" data-681-768=\"0 15% 0 0\" data-680=\"0 0 0 0\">\n\t<div class=\"mkdf-eh-item-inner\">\n\t\t<div class=\"mkdf-eh-item-content mkdf-eh-custom-4415\" style=\"padding: 0 5% 0 0\">\n\t\t\t<div class=\"mkdf-iwt clearfix  mkdf-iwt-icon-left mkdf-iwt-icon-small\">\n\t<div class=\"mkdf-iwt-icon\">\n\t\t\t\t\t\t\t\t\t    <span class=\"mkdf-icon-shortcode mkdf-circle   mkdf-icon-small\"  >\n                    <span aria-hidden=\"true\" class=\"mkdf-icon-font-elegant icon_bag_alt mkdf-icon-element\" style=\"\" ><\/span>            <\/span>\n\t\t\t\t\t\t<\/div>\n\t<div class=\"mkdf-iwt-content\" >\n\t\t\t\t\t<span class=\"mkdf-iwt-subtitle\" >\n\t\t\t\tBody polish\t\t\t<\/span>\n\t\t\t\t\t\t\t<h4 class=\"mkdf-iwt-title\" >\n\t\t\t\t\t\t\t\t<span class=\"mkdf-iwt-title-text\">face spa<\/span>\n\t\t\t\t\t\t\t<\/h4>\n\t\t\t\t\t\t\t<p class=\"mkdf-iwt-text\" >Lorem ipsum dolor sit amet, quo ut simu copio sae everti tur, no debitis atrio que sea, ea cum iuvaret.<\/p>\n\t\t\t<\/div>\n<\/div>[vc_empty_space height=&#8221;62px&#8221;]\t\t<\/div>\n\t<\/div>\n<\/div><\/div>[\/vc_column_inner][vc_column_inner offset=&#8221;vc_col-lg-4 vc_col-md-12&#8243;]<div class=\"mkdf-elements-holder   mkdf-one-column  mkdf-responsive-mode-768 \" ><div class=\"mkdf-eh-item    \"  data-item-class=\"mkdf-eh-custom-8143\" data-1025-1366=\"0 3% 0 0\" data-769-1024=\"0 33% 0 0\" data-681-768=\"0 15% 0 0\" data-680=\"0 0 0 0\">\n\t<div class=\"mkdf-eh-item-inner\">\n\t\t<div class=\"mkdf-eh-item-content mkdf-eh-custom-8143\" style=\"padding: 0 5% 0 0\">\n\t\t\t<div class=\"mkdf-iwt clearfix  mkdf-iwt-icon-left mkdf-iwt-icon-small\">\n\t<div class=\"mkdf-iwt-icon\">\n\t\t\t\t\t\t\t\t\t    <span class=\"mkdf-icon-shortcode mkdf-circle   mkdf-icon-small\"  >\n                    <span aria-hidden=\"true\" class=\"mkdf-icon-font-elegant icon_tags_alt mkdf-icon-element\" style=\"\" ><\/span>            <\/span>\n\t\t\t\t\t\t<\/div>\n\t<div class=\"mkdf-iwt-content\" >\n\t\t\t\t\t<span class=\"mkdf-iwt-subtitle\" >\n\t\t\t\tRelaxation\t\t\t<\/span>\n\t\t\t\t\t\t\t<h4 class=\"mkdf-iwt-title\" >\n\t\t\t\t\t\t\t\t<span class=\"mkdf-iwt-title-text\">Japanese spa<\/span>\n\t\t\t\t\t\t\t<\/h4>\n\t\t\t\t\t\t\t<p class=\"mkdf-iwt-text\" >Lorem ipsum dolor sit amet, quo ut simu copio sae everti tur, no debitis atrio que sea, ea cum iuvaret.<\/p>\n\t\t\t<\/div>\n<\/div>[vc_empty_space height=&#8221;62px&#8221;]\t\t<\/div>\n\t<\/div>\n<\/div><\/div>[\/vc_column_inner][\/vc_row_inner][vc_row_inner disable_element=&#8221;yes&#8221; row_content_width=&#8221;grid&#8221;][vc_column_inner offset=&#8221;vc_col-lg-4 vc_col-md-12&#8243;]<div class=\"mkdf-elements-holder   mkdf-one-column  mkdf-responsive-mode-768 \" ><div class=\"mkdf-eh-item    \"  data-item-class=\"mkdf-eh-custom-6632\" data-1025-1366=\"0 3% 0 0\" data-769-1024=\"0 33% 0 0\" data-681-768=\"0 15% 0 0\" data-680=\"0 0 0 0\">\n\t<div class=\"mkdf-eh-item-inner\">\n\t\t<div class=\"mkdf-eh-item-content mkdf-eh-custom-6632\" style=\"padding: 0 5% 0 0\">\n\t\t\t<div class=\"mkdf-iwt clearfix  mkdf-iwt-icon-left mkdf-iwt-icon-small\">\n\t<div class=\"mkdf-iwt-icon\">\n\t\t\t\t\t\t\t\t\t    <span class=\"mkdf-icon-shortcode mkdf-circle   mkdf-icon-small\"  >\n                    <span aria-hidden=\"true\" class=\"mkdf-icon-font-elegant icon_mail_alt mkdf-icon-element\" style=\"\" ><\/span>            <\/span>\n\t\t\t\t\t\t<\/div>\n\t<div class=\"mkdf-iwt-content\" >\n\t\t\t\t\t<span class=\"mkdf-iwt-subtitle\" >\n\t\t\t\tEnergy healing\t\t\t<\/span>\n\t\t\t\t\t\t\t<h4 class=\"mkdf-iwt-title\" >\n\t\t\t\t\t\t\t\t<span class=\"mkdf-iwt-title-text\">massage centar<\/span>\n\t\t\t\t\t\t\t<\/h4>\n\t\t\t\t\t\t\t<p class=\"mkdf-iwt-text\" >Lorem ipsum dolor sit amet, quo ut simu copio sae everti tur, no debitis atrio que sea, ea cum iuvaret.<\/p>\n\t\t\t<\/div>\n<\/div>[vc_empty_space height=&#8221;62px&#8221;]\t\t<\/div>\n\t<\/div>\n<\/div><\/div>[\/vc_column_inner][vc_column_inner offset=&#8221;vc_col-lg-4 vc_col-md-12&#8243;]<div class=\"mkdf-elements-holder   mkdf-one-column  mkdf-responsive-mode-768 \" ><div class=\"mkdf-eh-item    \"  data-item-class=\"mkdf-eh-custom-7855\" data-1025-1366=\"0 3% 0 0\" data-769-1024=\"0 33% 0 0\" data-681-768=\"0 15% 0 0\" data-680=\"0 0 0 0\">\n\t<div class=\"mkdf-eh-item-inner\">\n\t\t<div class=\"mkdf-eh-item-content mkdf-eh-custom-7855\" style=\"padding: 0 5% 0 0\">\n\t\t\t<div class=\"mkdf-iwt clearfix  mkdf-iwt-icon-left mkdf-iwt-icon-small\">\n\t<div class=\"mkdf-iwt-icon\">\n\t\t\t\t\t\t\t\t\t    <span class=\"mkdf-icon-shortcode mkdf-circle   mkdf-icon-small\"  >\n                    <span aria-hidden=\"true\" class=\"mkdf-icon-font-elegant icon_box-checked mkdf-icon-element\" style=\"\" ><\/span>            <\/span>\n\t\t\t\t\t\t<\/div>\n\t<div class=\"mkdf-iwt-content\" >\n\t\t\t\t\t<span class=\"mkdf-iwt-subtitle\" >\n\t\t\t\tCryoBlast\t\t\t<\/span>\n\t\t\t\t\t\t\t<h4 class=\"mkdf-iwt-title\" >\n\t\t\t\t\t\t\t\t<span class=\"mkdf-iwt-title-text\">face spa<\/span>\n\t\t\t\t\t\t\t<\/h4>\n\t\t\t\t\t\t\t<p class=\"mkdf-iwt-text\" >Lorem ipsum dolor sit amet, quo ut simu copio sae everti tur, no debitis atrio que sea, ea cum iuvaret.<\/p>\n\t\t\t<\/div>\n<\/div>[vc_empty_space height=&#8221;62px&#8221;]\t\t<\/div>\n\t<\/div>\n<\/div><\/div>[\/vc_column_inner][vc_column_inner offset=&#8221;vc_col-lg-4 vc_col-md-12&#8243;]<div class=\"mkdf-elements-holder   mkdf-one-column  mkdf-responsive-mode-768 \" ><div class=\"mkdf-eh-item    \"  data-item-class=\"mkdf-eh-custom-3996\" data-1025-1366=\"0 3% 0 0\" data-769-1024=\"0 33% 0 0\" data-681-768=\"0 15% 0 0\" data-680=\"0 0 0 0\">\n\t<div class=\"mkdf-eh-item-inner\">\n\t\t<div class=\"mkdf-eh-item-content mkdf-eh-custom-3996\" style=\"padding: 0 5% 0 0\">\n\t\t\t<div class=\"mkdf-iwt clearfix  mkdf-iwt-icon-left mkdf-iwt-icon-small\">\n\t<div class=\"mkdf-iwt-icon\">\n\t\t\t\t\t\t\t\t\t    <span class=\"mkdf-icon-shortcode mkdf-circle   mkdf-icon-small\"  >\n                    <span aria-hidden=\"true\" class=\"mkdf-icon-font-elegant icon_documents_alt mkdf-icon-element\" style=\"\" ><\/span>            <\/span>\n\t\t\t\t\t\t<\/div>\n\t<div class=\"mkdf-iwt-content\" >\n\t\t\t\t\t<span class=\"mkdf-iwt-subtitle\" >\n\t\t\t\tSea wrap\t\t\t<\/span>\n\t\t\t\t\t\t\t<h4 class=\"mkdf-iwt-title\" >\n\t\t\t\t\t\t\t\t<span class=\"mkdf-iwt-title-text\">Japanese spa<\/span>\n\t\t\t\t\t\t\t<\/h4>\n\t\t\t\t\t\t\t<p class=\"mkdf-iwt-text\" >Lorem ipsum dolor sit amet, quo ut simu copio sae everti tur, no debitis atrio que sea, ea cum iuvaret.<\/p>\n\t\t\t<\/div>\n<\/div>[vc_empty_space height=&#8221;62px&#8221;]\t\t<\/div>\n\t<\/div>\n<\/div><\/div>[\/vc_column_inner][\/vc_row_inner][\/vc_column][\/vc_row]<\/p>\n","protected":false},"excerpt":{"rendered":"<p>[vc_row css=&#8221;.vc_custom_1548864277834{padding-top: 150px !important;padding-bottom: 145px !important;}&#8221;][vc_column offset=&#8221;vc_col-lg-2 vc_col-md-1 vc_col-xs-12&#8243;][\/vc_column][vc_column offset=&#8221;vc_col-lg-8 vc_col-md-10 vc_col-xs-12&#8243;][\/vc_column][vc_column offset=&#8221;vc_col-lg-2 vc_col-md-1 vc_col-xs-12&#8243;][\/vc_column][\/vc_row][vc_row disable_element=&#8221;yes&#8221; css=&#8221;.vc_custom_1674839876011{padding-top: 140px !important;padding-bottom: 78px !important;}&#8221; simple_background_color=&#8221;#fde4e9&#8243;][vc_column][vc_empty_space height=&#8221;75px&#8221;][vc_row_inner disable_element=&#8221;yes&#8221; row_content_width=&#8221;grid&#8221;][vc_column_inner offset=&#8221;vc_col-lg-4 vc_col-md-12&#8243;][\/vc_column_inner][vc_column_inner offset=&#8221;vc_col-lg-4 vc_col-md-12&#8243;][\/vc_column_inner][vc_column_inner offset=&#8221;vc_col-lg-4 vc_col-md-12&#8243;][\/vc_column_inner][\/vc_row_inner][vc_row_inner disable_element=&#8221;yes&#8221; row_content_width=&#8221;grid&#8221;][vc_column_inner offset=&#8221;vc_col-lg-4 vc_col-md-12&#8243;][\/vc_column_inner][vc_column_inner offset=&#8221;vc_col-lg-4 vc_col-md-12&#8243;][\/vc_column_inner][vc_column_inner offset=&#8221;vc_col-lg-4 vc_col-md-12&#8243;][\/vc_column_inner][\/vc_row_inner][\/vc_column][\/vc_row]<\/p>\n","protected":false},"author":1,"featured_media":0,"parent":0,"menu_order":0,"comment_status":"closed","ping_status":"closed","template":"full-width.php","meta":{"footnotes":""},"class_list":["post-566","page","type-page","status-publish","hentry"],"_links":{"self":[{"href":"https:\/\/oasi.si\/it\/wp-json\/wp\/v2\/pages\/566","targetHints":{"allow":["GET"]}}],"collection":[{"href":"https:\/\/oasi.si\/it\/wp-json\/wp\/v2\/pages"}],"about":[{"href":"https:\/\/oasi.si\/it\/wp-json\/wp\/v2\/types\/page"}],"author":[{"embeddable":true,"href":"https:\/\/oasi.si\/it\/wp-json\/wp\/v2\/users\/1"}],"replies":[{"embeddable":true,"href":"https:\/\/oasi.si\/it\/wp-json\/wp\/v2\/comments?post=566"}],"version-history":[{"count":19,"href":"https:\/\/oasi.si\/it\/wp-json\/wp\/v2\/pages\/566\/revisions"}],"predecessor-version":[{"id":4147,"href":"https:\/\/oasi.si\/it\/wp-json\/wp\/v2\/pages\/566\/revisions\/4147"}],"wp:attachment":[{"href":"https:\/\/oasi.si\/it\/wp-json\/wp\/v2\/media?parent=566"}],"curies":[{"name":"wp","href":"https:\/\/api.w.org\/{rel}","templated":true}]}}